{"id":3017,"date":"2026-05-10T12:16:00","date_gmt":"2026-05-10T12:16:00","guid":{"rendered":"https:\/\/tragelec.com\/?page_id=3017"},"modified":"2026-05-13T21:47:51","modified_gmt":"2026-05-13T21:47:51","slug":"nos-valeurs","status":"publish","type":"page","link":"https:\/\/tragelec.com\/en\/nos-valeurs\/","title":{"rendered":"Our Values"},"content":{"rendered":"<div data-elementor-type=\"wp-page\" data-elementor-id=\"3017\" class=\"elementor elementor-3017\">\n\t\t\t\t<div class=\"elementor-element elementor-element-7f8ec37 e-flex e-con-boxed e-con e-parent\" data-id=\"7f8ec37\" data-element_type=\"container\" data-e-type=\"container\" data-settings=\"{&quot;background_background&quot;:&quot;classic&quot;,&quot;_ha_eqh_enable&quot;:false}\">\n\t\t\t\t\t<div class=\"e-con-inner\">\n\t\t\t\t<div class=\"elementor-element elementor-element-c11f197 elementor-widget elementor-widget-heading\" data-id=\"c11f197\" data-element_type=\"widget\" data-e-type=\"widget\" data-widget_type=\"heading.default\">\n\t\t\t\t\t<h2 class=\"elementor-heading-title elementor-size-default\">Our values<\/h2>\t\t\t\t<\/div>\n\t\t\t\t<div class=\"elementor-element elementor-element-359e241 elementor-widget elementor-widget-heading\" data-id=\"359e241\" data-element_type=\"widget\" data-e-type=\"widget\" data-widget_type=\"heading.default\">\n\t\t\t\t\t<h2 class=\"elementor-heading-title elementor-size-default\"><a href=\"\/en\/\">Home  <\/a>Our values<\/h2>\t\t\t\t<\/div>\n\t\t\t\t<div class=\"elementor-element elementor-element-b083d6e elementor-widget elementor-widget-html\" data-id=\"b083d6e\" data-element_type=\"widget\" data-e-type=\"widget\" data-widget_type=\"html.default\">\n\t\t\t\t\t<style>\n    \n    .breadcumb-wrapper.breadcumb-layout1.pt-175.pb-125.bg-black {\n    display: none;\n}\n<\/style>\t\t\t\t<\/div>\n\t\t\t\t\t<\/div>\n\t\t\t\t<\/div>\n\t\t<div class=\"elementor-element elementor-element-5df2868 e-flex e-con-boxed e-con e-parent\" data-id=\"5df2868\" data-element_type=\"container\" data-e-type=\"container\" data-settings=\"{&quot;_ha_eqh_enable&quot;:false}\">\n\t\t\t\t\t<div class=\"e-con-inner\">\n\t\t\t\t<div class=\"elementor-element elementor-element-7b7b800 elementor-widget elementor-widget-heading\" data-id=\"7b7b800\" data-element_type=\"widget\" data-e-type=\"widget\" data-widget_type=\"heading.default\">\n\t\t\t\t\t<h2 class=\"elementor-heading-title elementor-size-default\">Our Values<\/h2>\t\t\t\t<\/div>\n\t\t\t\t<div class=\"elementor-element elementor-element-af26aff elementor-widget__width-initial elementor-widget elementor-widget-text-editor\" data-id=\"af26aff\" data-element_type=\"widget\" data-e-type=\"widget\" data-widget_type=\"text-editor.default\">\n\t\t\t\t\t\t\t\t\t<p style=\"text-align: center;\" class=\"translation-block\">The values of TRAGELEC Group form the foundation of our professional commitment and guide how we collaborate with our clients, partners, and field teams.<\/p><p style=\"text-align: center;\" class=\"translation-block\">In the electrical trades, every intervention demands rigor, responsibility, and constant attention to safety. This is why TRAGELEC Group places human, technical, and professional values at the very heart of our organization.<\/p>\t\t\t\t\t\t\t\t<\/div>\n\t\t<div class=\"elementor-element elementor-element-e0bd171 e-grid e-con-full e-con e-child\" data-id=\"e0bd171\" data-element_type=\"container\" data-e-type=\"container\">\n\t\t\t\t<div class=\"elementor-element elementor-element-9d5355f elementor-position-top ha-has-bg-overlay elementor-widget elementor-widget-image-box\" data-id=\"9d5355f\" data-element_type=\"widget\" data-e-type=\"widget\" data-widget_type=\"image-box.default\">\n\t\t\t\t\t<div class=\"elementor-image-box-wrapper\"><figure class=\"elementor-image-box-img\"><img fetchpriority=\"high\" decoding=\"async\" width=\"361\" height=\"334\" src=\"https:\/\/tragelec.com\/wp-content\/uploads\/2026\/05\/image-6-1.webp\" class=\"attachment-full size-full wp-image-3026\" alt=\"\" srcset=\"https:\/\/tragelec.com\/wp-content\/uploads\/2026\/05\/image-6-1.webp 361w, https:\/\/tragelec.com\/wp-content\/uploads\/2026\/05\/image-6-1-300x278.webp 300w, https:\/\/tragelec.com\/wp-content\/uploads\/2026\/05\/image-6-1-13x12.webp 13w\" sizes=\"(max-width: 361px) 100vw, 361px\" \/><\/figure><div class=\"elementor-image-box-content\"><h3 class=\"elementor-image-box-title\">Safety<\/h3><p class=\"elementor-image-box-description\">Safety is an absolute priority in all our operations. TRAGELEC Group ensures strict compliance with prevention rules, site safety instructions, intervention procedures, and best practices related to electrical work. Our objective is simple: protect people, secure interventions, and prevent risks.\n<\/p><\/div><\/div>\t\t\t\t<\/div>\n\t\t\t\t<div class=\"elementor-element elementor-element-3c9fc5e elementor-position-top ha-has-bg-overlay elementor-widget elementor-widget-image-box\" data-id=\"3c9fc5e\" data-element_type=\"widget\" data-e-type=\"widget\" data-widget_type=\"image-box.default\">\n\t\t\t\t\t<div class=\"elementor-image-box-wrapper\"><figure class=\"elementor-image-box-img\"><img decoding=\"async\" width=\"361\" height=\"334\" src=\"https:\/\/tragelec.com\/wp-content\/uploads\/2026\/05\/image-14.webp\" class=\"attachment-full size-full wp-image-3021\" alt=\"\" srcset=\"https:\/\/tragelec.com\/wp-content\/uploads\/2026\/05\/image-14.webp 361w, https:\/\/tragelec.com\/wp-content\/uploads\/2026\/05\/image-14-300x278.webp 300w, https:\/\/tragelec.com\/wp-content\/uploads\/2026\/05\/image-14-13x12.webp 13w\" sizes=\"(max-width: 361px) 100vw, 361px\" \/><\/figure><div class=\"elementor-image-box-content\"><h3 class=\"elementor-image-box-title\">Quality<\/h3><p class=\"elementor-image-box-description\">Execution quality is central to our commitment. We pay particular attention to project preparation, technical requirement compliance, intervention standards, and the rigorous inspection of on-site achievements.<\/p><\/div><\/div>\t\t\t\t<\/div>\n\t\t\t\t<div class=\"elementor-element elementor-element-e5293be elementor-position-top ha-has-bg-overlay elementor-widget elementor-widget-image-box\" data-id=\"e5293be\" data-element_type=\"widget\" data-e-type=\"widget\" data-widget_type=\"image-box.default\">\n\t\t\t\t\t<div class=\"elementor-image-box-wrapper\"><figure class=\"elementor-image-box-img\"><img decoding=\"async\" width=\"361\" height=\"334\" src=\"https:\/\/tragelec.com\/wp-content\/uploads\/2026\/05\/image-1-2.webp\" class=\"attachment-full size-full wp-image-3022\" alt=\"\" srcset=\"https:\/\/tragelec.com\/wp-content\/uploads\/2026\/05\/image-1-2.webp 361w, https:\/\/tragelec.com\/wp-content\/uploads\/2026\/05\/image-1-2-300x278.webp 300w, https:\/\/tragelec.com\/wp-content\/uploads\/2026\/05\/image-1-2-13x12.webp 13w\" sizes=\"(max-width: 361px) 100vw, 361px\" \/><\/figure><div class=\"elementor-image-box-content\"><h3 class=\"elementor-image-box-title\">Rigor<\/h3><p class=\"elementor-image-box-description\">Electrical work requires methodology, precision, and discipline. TRAGELEC Group prioritizes a rigorous approach to the organization, planning, execution, and monitoring of every project.\n<\/p><\/div><\/div>\t\t\t\t<\/div>\n\t\t\t\t<div class=\"elementor-element elementor-element-b4b9b4f elementor-position-top ha-has-bg-overlay elementor-widget elementor-widget-image-box\" data-id=\"b4b9b4f\" data-element_type=\"widget\" data-e-type=\"widget\" data-widget_type=\"image-box.default\">\n\t\t\t\t\t<div class=\"elementor-image-box-wrapper\"><figure class=\"elementor-image-box-img\"><img loading=\"lazy\" decoding=\"async\" width=\"361\" height=\"334\" src=\"https:\/\/tragelec.com\/wp-content\/uploads\/2026\/05\/image-4-2.webp\" class=\"attachment-full size-full wp-image-3025\" alt=\"\" srcset=\"https:\/\/tragelec.com\/wp-content\/uploads\/2026\/05\/image-4-2.webp 361w, https:\/\/tragelec.com\/wp-content\/uploads\/2026\/05\/image-4-2-300x278.webp 300w, https:\/\/tragelec.com\/wp-content\/uploads\/2026\/05\/image-4-2-13x12.webp 13w\" sizes=\"(max-width: 361px) 100vw, 361px\" \/><\/figure><div class=\"elementor-image-box-content\"><h3 class=\"elementor-image-box-title\">Field Experience<\/h3><p class=\"elementor-image-box-description\">Our added value is rooted in a practical understanding of field realities. This experience allows us to anticipate constraints, adapt solutions, and provide practical answers to the needs of our clients and partners.\n<\/p><\/div><\/div>\t\t\t\t<\/div>\n\t\t\t\t<div class=\"elementor-element elementor-element-6e7beb1 elementor-position-top ha-has-bg-overlay elementor-widget elementor-widget-image-box\" data-id=\"6e7beb1\" data-element_type=\"widget\" data-e-type=\"widget\" data-widget_type=\"image-box.default\">\n\t\t\t\t\t<div class=\"elementor-image-box-wrapper\"><figure class=\"elementor-image-box-img\"><img loading=\"lazy\" decoding=\"async\" width=\"361\" height=\"334\" src=\"https:\/\/tragelec.com\/wp-content\/uploads\/2026\/05\/image-3-2.webp\" class=\"attachment-full size-full wp-image-3024\" alt=\"\" srcset=\"https:\/\/tragelec.com\/wp-content\/uploads\/2026\/05\/image-3-2.webp 361w, https:\/\/tragelec.com\/wp-content\/uploads\/2026\/05\/image-3-2-300x278.webp 300w, https:\/\/tragelec.com\/wp-content\/uploads\/2026\/05\/image-3-2-13x12.webp 13w\" sizes=\"(max-width: 361px) 100vw, 361px\" \/><\/figure><div class=\"elementor-image-box-content\"><h3 class=\"elementor-image-box-title\">Transfer of Know-how<\/h3><p class=\"elementor-image-box-description\">TRAGELEC Group believes in the importance of passing professional expertise to the next generation of technicians and managers. The transfer of know-how is an integral part of our identity, specifically through our Training and Support division.\n<\/p><\/div><\/div>\t\t\t\t<\/div>\n\t\t\t\t<div class=\"elementor-element elementor-element-67a97f3 elementor-position-top ha-has-bg-overlay elementor-widget elementor-widget-image-box\" data-id=\"67a97f3\" data-element_type=\"widget\" data-e-type=\"widget\" data-widget_type=\"image-box.default\">\n\t\t\t\t\t<div class=\"elementor-image-box-wrapper\"><figure class=\"elementor-image-box-img\"><img loading=\"lazy\" decoding=\"async\" width=\"361\" height=\"334\" src=\"https:\/\/tragelec.com\/wp-content\/uploads\/2026\/05\/image-2-3.webp\" class=\"attachment-full size-full wp-image-3023\" alt=\"\" srcset=\"https:\/\/tragelec.com\/wp-content\/uploads\/2026\/05\/image-2-3.webp 361w, https:\/\/tragelec.com\/wp-content\/uploads\/2026\/05\/image-2-3-300x278.webp 300w, https:\/\/tragelec.com\/wp-content\/uploads\/2026\/05\/image-2-3-13x12.webp 13w\" sizes=\"(max-width: 361px) 100vw, 361px\" \/><\/figure><div class=\"elementor-image-box-content\"><h3 class=\"elementor-image-box-title\">Commitment<\/h3><p class=\"elementor-image-box-description\">TRAGELEC Group is committed to supporting its clients with diligence, responsibility, and professionalism. Every project is handled with care, honoring our commitments, agreed-upon deadlines, and safety and quality requirements. \n<\/p><\/div><\/div>\t\t\t\t<\/div>\n\t\t\t\t<\/div>\n\t\t\t\t\t<\/div>\n\t\t\t\t<\/div>\n\t\t\t\t<\/div>","protected":false},"excerpt":{"rendered":"<p>Nos valeurs Accueil \/ Nos valeurs Nos Valeurs Les valeurs de TRAGELEC Group constituent la base de notre engagement professionnel et guident notre mani\u00e8re de travailler avec nos clients, partenaires et \u00e9quipes terrain. Dans les m\u00e9tiers de l\u2019\u00e9lectricit\u00e9, chaque intervention exige de la rigueur, de la responsabilit\u00e9 et une attention permanente \u00e0 la s\u00e9curit\u00e9. C\u2019est&#8230;<\/p>","protected":false},"author":1,"featured_media":0,"parent":0,"menu_order":0,"comment_status":"closed","ping_status":"closed","template":"elementor_header_footer","meta":{"footnotes":""},"class_list":["post-3017","page","type-page","status-publish","hentry"],"yoast_head":"<!-- This site is optimized with the Yoast SEO plugin v27.5 - https:\/\/yoast.com\/product\/yoast-seo-wordpress\/ -->\n<title>Nos Valeurs - TRAGELEC GROUP<\/title>\n<meta name=\"robots\" content=\"index, follow, max-snippet:-1, max-image-preview:large, max-video-preview:-1\" \/>\n<link rel=\"canonical\" href=\"https:\/\/tragelec.com\/en\/nos-valeurs\/\" \/>\n<meta property=\"og:locale\" content=\"en_US\" \/>\n<meta property=\"og:type\" content=\"article\" \/>\n<meta property=\"og:title\" content=\"Nos Valeurs - TRAGELEC GROUP\" \/>\n<meta property=\"og:description\" content=\"Nos valeurs Accueil \/ Nos valeurs Nos Valeurs Les valeurs de TRAGELEC Group constituent la base de notre engagement professionnel et guident notre mani\u00e8re de travailler avec nos clients, partenaires et \u00e9quipes terrain. Dans les m\u00e9tiers de l\u2019\u00e9lectricit\u00e9, chaque intervention exige de la rigueur, de la responsabilit\u00e9 et une attention permanente \u00e0 la s\u00e9curit\u00e9. C\u2019est...\" \/>\n<meta property=\"og:url\" content=\"https:\/\/tragelec.com\/en\/nos-valeurs\/\" \/>\n<meta property=\"og:site_name\" content=\"TRAGELEC GROUP\" \/>\n<meta property=\"article:modified_time\" content=\"2026-05-13T21:47:51+00:00\" \/>\n<meta property=\"og:image\" content=\"https:\/\/tragelec.com\/wp-content\/uploads\/2026\/05\/image-6-1.webp\" \/>\n\t<meta property=\"og:image:width\" content=\"361\" \/>\n\t<meta property=\"og:image:height\" content=\"334\" \/>\n\t<meta property=\"og:image:type\" content=\"image\/webp\" \/>\n<meta name=\"twitter:card\" content=\"summary_large_image\" \/>\n<meta name=\"twitter:label1\" content=\"Est. reading time\" \/>\n\t<meta name=\"twitter:data1\" content=\"3 minutes\" \/>\n<script type=\"application\/ld+json\" class=\"yoast-schema-graph\">{\"@context\":\"https:\\\/\\\/schema.org\",\"@graph\":[{\"@type\":\"WebPage\",\"@id\":\"https:\\\/\\\/tragelec.com\\\/nos-valeurs\\\/\",\"url\":\"https:\\\/\\\/tragelec.com\\\/nos-valeurs\\\/\",\"name\":\"Nos Valeurs - TRAGELEC GROUP\",\"isPartOf\":{\"@id\":\"https:\\\/\\\/tragelec.com\\\/#website\"},\"primaryImageOfPage\":{\"@id\":\"https:\\\/\\\/tragelec.com\\\/nos-valeurs\\\/#primaryimage\"},\"image\":{\"@id\":\"https:\\\/\\\/tragelec.com\\\/nos-valeurs\\\/#primaryimage\"},\"thumbnailUrl\":\"https:\\\/\\\/tragelec.com\\\/wp-content\\\/uploads\\\/2026\\\/05\\\/image-6-1.webp\",\"datePublished\":\"2026-05-10T12:16:00+00:00\",\"dateModified\":\"2026-05-13T21:47:51+00:00\",\"breadcrumb\":{\"@id\":\"https:\\\/\\\/tragelec.com\\\/nos-valeurs\\\/#breadcrumb\"},\"inLanguage\":\"en-US\",\"potentialAction\":[{\"@type\":\"ReadAction\",\"target\":[\"https:\\\/\\\/tragelec.com\\\/nos-valeurs\\\/\"]}]},{\"@type\":\"ImageObject\",\"inLanguage\":\"en-US\",\"@id\":\"https:\\\/\\\/tragelec.com\\\/nos-valeurs\\\/#primaryimage\",\"url\":\"https:\\\/\\\/tragelec.com\\\/wp-content\\\/uploads\\\/2026\\\/05\\\/image-6-1.webp\",\"contentUrl\":\"https:\\\/\\\/tragelec.com\\\/wp-content\\\/uploads\\\/2026\\\/05\\\/image-6-1.webp\"},{\"@type\":\"BreadcrumbList\",\"@id\":\"https:\\\/\\\/tragelec.com\\\/nos-valeurs\\\/#breadcrumb\",\"itemListElement\":[{\"@type\":\"ListItem\",\"position\":1,\"name\":\"Accueil\",\"item\":\"https:\\\/\\\/tragelec.com\\\/\"},{\"@type\":\"ListItem\",\"position\":2,\"name\":\"Nos Valeurs\"}]},{\"@type\":\"WebSite\",\"@id\":\"https:\\\/\\\/tragelec.com\\\/#website\",\"url\":\"https:\\\/\\\/tragelec.com\\\/\",\"name\":\"TRAGELEC Group\",\"description\":\"La force de l&#039;exp\u00e9rience, l&#039;\u00e9lan du futur\",\"publisher\":{\"@id\":\"https:\\\/\\\/tragelec.com\\\/#organization\"},\"potentialAction\":[{\"@type\":\"SearchAction\",\"target\":{\"@type\":\"EntryPoint\",\"urlTemplate\":\"https:\\\/\\\/tragelec.com\\\/?s={search_term_string}\"},\"query-input\":{\"@type\":\"PropertyValueSpecification\",\"valueRequired\":true,\"valueName\":\"search_term_string\"}}],\"inLanguage\":\"en-US\"},{\"@type\":\"Organization\",\"@id\":\"https:\\\/\\\/tragelec.com\\\/#organization\",\"name\":\"TRAGELEC Group\",\"url\":\"https:\\\/\\\/tragelec.com\\\/\",\"logo\":{\"@type\":\"ImageObject\",\"inLanguage\":\"en-US\",\"@id\":\"https:\\\/\\\/tragelec.com\\\/#\\\/schema\\\/logo\\\/image\\\/\",\"url\":\"https:\\\/\\\/tragelec.com\\\/wp-content\\\/uploads\\\/2022\\\/11\\\/logo-black.webp\",\"contentUrl\":\"https:\\\/\\\/tragelec.com\\\/wp-content\\\/uploads\\\/2022\\\/11\\\/logo-black.webp\",\"width\":827,\"height\":476,\"caption\":\"TRAGELEC Group\"},\"image\":{\"@id\":\"https:\\\/\\\/tragelec.com\\\/#\\\/schema\\\/logo\\\/image\\\/\"}}]}<\/script>\n<!-- \/ Yoast SEO plugin. -->","yoast_head_json":{"title":"Nos Valeurs - TRAGELEC GROUP","robots":{"index":"index","follow":"follow","max-snippet":"max-snippet:-1","max-image-preview":"max-image-preview:large","max-video-preview":"max-video-preview:-1"},"canonical":"https:\/\/tragelec.com\/en\/nos-valeurs\/","og_locale":"en_US","og_type":"article","og_title":"Nos Valeurs - TRAGELEC GROUP","og_description":"Nos valeurs Accueil \/ Nos valeurs Nos Valeurs Les valeurs de TRAGELEC Group constituent la base de notre engagement professionnel et guident notre mani\u00e8re de travailler avec nos clients, partenaires et \u00e9quipes terrain. Dans les m\u00e9tiers de l\u2019\u00e9lectricit\u00e9, chaque intervention exige de la rigueur, de la responsabilit\u00e9 et une attention permanente \u00e0 la s\u00e9curit\u00e9. C\u2019est...","og_url":"https:\/\/tragelec.com\/en\/nos-valeurs\/","og_site_name":"TRAGELEC GROUP","article_modified_time":"2026-05-13T21:47:51+00:00","og_image":[{"width":361,"height":334,"url":"https:\/\/tragelec.com\/wp-content\/uploads\/2026\/05\/image-6-1.webp","type":"image\/webp"}],"twitter_card":"summary_large_image","twitter_misc":{"Est. reading time":"3 minutes"},"schema":{"@context":"https:\/\/schema.org","@graph":[{"@type":"WebPage","@id":"https:\/\/tragelec.com\/nos-valeurs\/","url":"https:\/\/tragelec.com\/nos-valeurs\/","name":"Nos Valeurs - TRAGELEC GROUP","isPartOf":{"@id":"https:\/\/tragelec.com\/#website"},"primaryImageOfPage":{"@id":"https:\/\/tragelec.com\/nos-valeurs\/#primaryimage"},"image":{"@id":"https:\/\/tragelec.com\/nos-valeurs\/#primaryimage"},"thumbnailUrl":"https:\/\/tragelec.com\/wp-content\/uploads\/2026\/05\/image-6-1.webp","datePublished":"2026-05-10T12:16:00+00:00","dateModified":"2026-05-13T21:47:51+00:00","breadcrumb":{"@id":"https:\/\/tragelec.com\/nos-valeurs\/#breadcrumb"},"inLanguage":"en-US","potentialAction":[{"@type":"ReadAction","target":["https:\/\/tragelec.com\/nos-valeurs\/"]}]},{"@type":"ImageObject","inLanguage":"en-US","@id":"https:\/\/tragelec.com\/nos-valeurs\/#primaryimage","url":"https:\/\/tragelec.com\/wp-content\/uploads\/2026\/05\/image-6-1.webp","contentUrl":"https:\/\/tragelec.com\/wp-content\/uploads\/2026\/05\/image-6-1.webp"},{"@type":"BreadcrumbList","@id":"https:\/\/tragelec.com\/nos-valeurs\/#breadcrumb","itemListElement":[{"@type":"ListItem","position":1,"name":"Accueil","item":"https:\/\/tragelec.com\/"},{"@type":"ListItem","position":2,"name":"Nos Valeurs"}]},{"@type":"WebSite","@id":"https:\/\/tragelec.com\/#website","url":"https:\/\/tragelec.com\/","name":"TRAGELEC Group","description":"La force de l&#039;exp\u00e9rience, l&#039;\u00e9lan du futur","publisher":{"@id":"https:\/\/tragelec.com\/#organization"},"potentialAction":[{"@type":"SearchAction","target":{"@type":"EntryPoint","urlTemplate":"https:\/\/tragelec.com\/?s={search_term_string}"},"query-input":{"@type":"PropertyValueSpecification","valueRequired":true,"valueName":"search_term_string"}}],"inLanguage":"en-US"},{"@type":"Organization","@id":"https:\/\/tragelec.com\/#organization","name":"TRAGELEC Group","url":"https:\/\/tragelec.com\/","logo":{"@type":"ImageObject","inLanguage":"en-US","@id":"https:\/\/tragelec.com\/#\/schema\/logo\/image\/","url":"https:\/\/tragelec.com\/wp-content\/uploads\/2022\/11\/logo-black.webp","contentUrl":"https:\/\/tragelec.com\/wp-content\/uploads\/2022\/11\/logo-black.webp","width":827,"height":476,"caption":"TRAGELEC Group"},"image":{"@id":"https:\/\/tragelec.com\/#\/schema\/logo\/image\/"}}]}},"_links":{"self":[{"href":"https:\/\/tragelec.com\/en\/wp-json\/wp\/v2\/pages\/3017","targetHints":{"allow":["GET"]}}],"collection":[{"href":"https:\/\/tragelec.com\/en\/wp-json\/wp\/v2\/pages"}],"about":[{"href":"https:\/\/tragelec.com\/en\/wp-json\/wp\/v2\/types\/page"}],"author":[{"embeddable":true,"href":"https:\/\/tragelec.com\/en\/wp-json\/wp\/v2\/users\/1"}],"replies":[{"embeddable":true,"href":"https:\/\/tragelec.com\/en\/wp-json\/wp\/v2\/comments?post=3017"}],"version-history":[{"count":13,"href":"https:\/\/tragelec.com\/en\/wp-json\/wp\/v2\/pages\/3017\/revisions"}],"predecessor-version":[{"id":3436,"href":"https:\/\/tragelec.com\/en\/wp-json\/wp\/v2\/pages\/3017\/revisions\/3436"}],"wp:attachment":[{"href":"https:\/\/tragelec.com\/en\/wp-json\/wp\/v2\/media?parent=3017"}],"curies":[{"name":"wp","href":"https:\/\/api.w.org\/{rel}","templated":true}]}}