{"id":2978,"date":"2026-05-10T10:33:44","date_gmt":"2026-05-10T10:33:44","guid":{"rendered":"https:\/\/tragelec.com\/?page_id=2978"},"modified":"2026-05-14T15:45:21","modified_gmt":"2026-05-14T15:45:21","slug":"vision-mission","status":"publish","type":"page","link":"https:\/\/tragelec.com\/en\/vision-mission\/","title":{"rendered":"Vision &amp; Mission"},"content":{"rendered":"<div data-elementor-type=\"wp-page\" data-elementor-id=\"2978\" class=\"elementor elementor-2978\">\n\t\t\t\t<div class=\"elementor-element elementor-element-6ddf7a0 e-flex e-con-boxed e-con e-parent\" data-id=\"6ddf7a0\" data-element_type=\"container\" data-e-type=\"container\" data-settings=\"{&quot;background_background&quot;:&quot;classic&quot;,&quot;_ha_eqh_enable&quot;:false}\">\n\t\t\t\t\t<div class=\"e-con-inner\">\n\t\t\t\t<div class=\"elementor-element elementor-element-e3c6918 elementor-widget elementor-widget-heading\" data-id=\"e3c6918\" data-element_type=\"widget\" data-e-type=\"widget\" data-widget_type=\"heading.default\">\n\t\t\t\t\t<h2 class=\"elementor-heading-title elementor-size-default\">Vision &amp; Mission<\/h2>\t\t\t\t<\/div>\n\t\t\t\t<div class=\"elementor-element elementor-element-4ddb060 elementor-widget elementor-widget-heading\" data-id=\"4ddb060\" data-element_type=\"widget\" data-e-type=\"widget\" data-widget_type=\"heading.default\">\n\t\t\t\t\t<h2 class=\"elementor-heading-title elementor-size-default\"><a href=\"\/en\/\">Home  <\/a>\/ Vision &amp; Mission<\/h2>\t\t\t\t<\/div>\n\t\t\t\t<div class=\"elementor-element elementor-element-1de633c elementor-widget elementor-widget-html\" data-id=\"1de633c\" data-element_type=\"widget\" data-e-type=\"widget\" data-widget_type=\"html.default\">\n\t\t\t\t\t<style>\n    \n    .breadcumb-wrapper.breadcumb-layout1.pt-175.pb-125.bg-black {\n    display: none;\n}\n<\/style>\t\t\t\t<\/div>\n\t\t\t\t\t<\/div>\n\t\t\t\t<\/div>\n\t\t<div class=\"elementor-element elementor-element-758054d e-flex e-con-boxed e-con e-parent\" data-id=\"758054d\" data-element_type=\"container\" data-e-type=\"container\" data-settings=\"{&quot;_ha_eqh_enable&quot;:false}\">\n\t\t\t\t\t<div class=\"e-con-inner\">\n\t\t<div class=\"elementor-element elementor-element-b2f5d88 e-con-full e-flex e-con e-child\" data-id=\"b2f5d88\" data-element_type=\"container\" data-e-type=\"container\" data-settings=\"{&quot;_ha_eqh_enable&quot;:false}\">\n\t\t\t\t<div class=\"elementor-element elementor-element-d2b97b5 elementor-widget elementor-widget-heading\" data-id=\"d2b97b5\" data-element_type=\"widget\" data-e-type=\"widget\" data-widget_type=\"heading.default\">\n\t\t\t\t\t<h2 class=\"elementor-heading-title elementor-size-default\">Our Vision<\/h2>\t\t\t\t<\/div>\n\t\t\t\t<div class=\"elementor-element elementor-element-182a0e9 elementor-widget-divider--view-line elementor-widget elementor-widget-divider\" data-id=\"182a0e9\" data-element_type=\"widget\" data-e-type=\"widget\" data-widget_type=\"divider.default\">\n\t\t\t\t\t\t\t<div class=\"elementor-divider\">\n\t\t\t<span class=\"elementor-divider-separator\">\n\t\t\t\t\t\t<\/span>\n\t\t<\/div>\n\t\t\t\t\t\t<\/div>\n\t\t\t\t<div class=\"elementor-element elementor-element-fb77d39 elementor-widget elementor-widget-text-editor\" data-id=\"fb77d39\" data-element_type=\"widget\" data-e-type=\"widget\" data-widget_type=\"text-editor.default\">\n\t\t\t\t\t\t\t\t\t<p class=\"translation-block\">TRAGELEC Group\u2019s mission is to establish itself as a key player in electrical works and technical training by bridging the gap between field-tested expertise and the transmission of knowledge.<\/p><p class=\"translation-block\">We are dedicated to building electrical infrastructures that are not only high-performing and durable but also perfectly aligned with the evolving requirements of our stakeholders.<\/p><p class=\"translation-block\">prioritize the human element, believing that professional excellence is the foundation of every successful project.<\/p>\t\t\t\t\t\t\t\t<\/div>\n\t\t\t\t<\/div>\n\t\t<div class=\"elementor-element elementor-element-ee10215 e-con-full e-flex e-con e-child\" data-id=\"ee10215\" data-element_type=\"container\" data-e-type=\"container\" data-settings=\"{&quot;_ha_eqh_enable&quot;:false}\">\n\t\t\t\t<div class=\"elementor-element elementor-element-199dc47 elementor-widget elementor-widget-image\" data-id=\"199dc47\" data-element_type=\"widget\" data-e-type=\"widget\" data-widget_type=\"image.default\">\n\t\t\t\t\t\t\t\t\t\t\t\t\t\t\t<img fetchpriority=\"high\" decoding=\"async\" width=\"751\" height=\"714\" src=\"https:\/\/tragelec.com\/wp-content\/uploads\/2026\/05\/7.webp\" class=\"attachment-large size-large wp-image-2954\" alt=\"\" srcset=\"https:\/\/tragelec.com\/wp-content\/uploads\/2026\/05\/7.webp 1007w, https:\/\/tragelec.com\/wp-content\/uploads\/2026\/05\/7-300x285.webp 300w, https:\/\/tragelec.com\/wp-content\/uploads\/2026\/05\/7-768x731.webp 768w, https:\/\/tragelec.com\/wp-content\/uploads\/2026\/05\/7-95x90.webp 95w, https:\/\/tragelec.com\/wp-content\/uploads\/2026\/05\/7-13x12.webp 13w, https:\/\/tragelec.com\/wp-content\/uploads\/2026\/05\/7-600x571.webp 600w\" sizes=\"(max-width: 751px) 100vw, 751px\" \/>\t\t\t\t\t\t\t\t\t\t\t\t\t\t\t<\/div>\n\t\t\t\t<\/div>\n\t\t\t\t\t<\/div>\n\t\t\t\t<\/div>\n\t\t<div class=\"elementor-element elementor-element-f06b3ec e-flex e-con-boxed e-con e-parent\" data-id=\"f06b3ec\" data-element_type=\"container\" data-e-type=\"container\" data-settings=\"{&quot;_ha_eqh_enable&quot;:false}\">\n\t\t\t\t\t<div class=\"e-con-inner\">\n\t\t<div class=\"elementor-element elementor-element-ca3e9eb e-con-full e-flex e-con e-child\" data-id=\"ca3e9eb\" data-element_type=\"container\" data-e-type=\"container\" data-settings=\"{&quot;_ha_eqh_enable&quot;:false}\">\n\t\t\t\t<div class=\"elementor-element elementor-element-2188ed8 elementor-widget elementor-widget-image\" data-id=\"2188ed8\" data-element_type=\"widget\" data-e-type=\"widget\" data-widget_type=\"image.default\">\n\t\t\t\t\t\t\t\t\t\t\t\t\t\t\t<img decoding=\"async\" width=\"422\" height=\"199\" src=\"https:\/\/tragelec.com\/wp-content\/uploads\/2026\/05\/image-12.webp\" class=\"attachment-large size-large wp-image-2814\" alt=\"\" srcset=\"https:\/\/tragelec.com\/wp-content\/uploads\/2026\/05\/image-12.webp 422w, https:\/\/tragelec.com\/wp-content\/uploads\/2026\/05\/image-12-300x141.webp 300w\" sizes=\"(max-width: 422px) 100vw, 422px\" \/>\t\t\t\t\t\t\t\t\t\t\t\t\t\t\t<\/div>\n\t\t\t\t<div class=\"elementor-element elementor-element-71a5d84 elementor-widget elementor-widget-heading\" data-id=\"71a5d84\" data-element_type=\"widget\" data-e-type=\"widget\" data-widget_type=\"heading.default\">\n\t\t\t\t\t<h2 class=\"elementor-heading-title elementor-size-default\">Mission<\/h2>\t\t\t\t<\/div>\n\t\t\t\t<div class=\"elementor-element elementor-element-e3bf6a2 elementor-widget-divider--view-line elementor-widget elementor-widget-divider\" data-id=\"e3bf6a2\" data-element_type=\"widget\" data-e-type=\"widget\" data-widget_type=\"divider.default\">\n\t\t\t\t\t\t\t<div class=\"elementor-divider\">\n\t\t\t<span class=\"elementor-divider-separator\">\n\t\t\t\t\t\t<\/span>\n\t\t<\/div>\n\t\t\t\t\t\t<\/div>\n\t\t\t\t<\/div>\n\t\t<div class=\"elementor-element elementor-element-fe46fe8 e-con-full e-flex e-con e-child\" data-id=\"fe46fe8\" data-element_type=\"container\" data-e-type=\"container\" data-settings=\"{&quot;_ha_eqh_enable&quot;:false}\">\n\t\t\t\t<div class=\"elementor-element elementor-element-2de6cbc elementor-widget__width-initial elementor-widget elementor-widget-text-editor\" data-id=\"2de6cbc\" data-element_type=\"widget\" data-e-type=\"widget\" data-widget_type=\"text-editor.default\">\n\t\t\t\t\t\t\t\t\t<p style=\"text-align: left;\"><span style=\"color: #000000;\">The mission of <strong>TRAGELEC Group<\/strong> is to support its clients and partners in the execution of electrical projects, from fieldwork to technical support for teams.<\/span><\/p><p style=\"text-align: left;\"><span style=\"color: #000000;\">Our activities include, in particular:<\/span><\/p><ul style=\"text-align: left;\"><li><span style=\"color: #000000;\">The networks <strong>BT, HTA and HTB<\/strong> ;<\/span><\/li><li><span style=\"color: #000000;\">Civil engineering applied to electrical infrastructure;<\/span><\/li><li><span style=\"color: #000000;\">The assembly, lifting and unrolling of electrical lines;<\/span><\/li><li><span style=\"color: #000000;\">Electrical substations and associated equipment;<\/span><\/li><li><span style=\"color: #000000;\">Maintenance and site support;<\/span><\/li><li><span style=\"color: #000000;\">Training, safety and the transfer of expertise.<\/span><\/li><\/ul><p style=\"text-align: left;\"><span style=\"color: #000000;\">Through its two poles, <strong>electrical work<\/strong> And <strong>training &amp; support<\/strong>TRAGELEC Group is committed to providing serious, tailored and professional solutions, in compliance with safety, quality and reliability requirements.<\/span><\/p>\t\t\t\t\t\t\t\t<\/div>\n\t\t<div class=\"elementor-element elementor-element-295efdd e-con-full e-flex e-con e-child\" data-id=\"295efdd\" data-element_type=\"container\" data-e-type=\"container\" data-settings=\"{&quot;_ha_eqh_enable&quot;:false}\">\n\t\t\t\t<div class=\"elementor-element elementor-element-cdae340 elementor-widget elementor-widget-image\" data-id=\"cdae340\" data-element_type=\"widget\" data-e-type=\"widget\" data-widget_type=\"image.default\">\n\t\t\t\t\t\t\t\t\t\t\t\t\t\t\t<img decoding=\"async\" width=\"751\" height=\"501\" src=\"https:\/\/tragelec.com\/wp-content\/uploads\/2026\/05\/image-1-1-1024x683.webp\" class=\"attachment-large size-large wp-image-2836\" alt=\"\" srcset=\"https:\/\/tragelec.com\/wp-content\/uploads\/2026\/05\/image-1-1-1024x683.webp 1024w, https:\/\/tragelec.com\/wp-content\/uploads\/2026\/05\/image-1-1-300x200.webp 300w, https:\/\/tragelec.com\/wp-content\/uploads\/2026\/05\/image-1-1-768x512.webp 768w, https:\/\/tragelec.com\/wp-content\/uploads\/2026\/05\/image-1-1-600x400.webp 600w, https:\/\/tragelec.com\/wp-content\/uploads\/2026\/05\/image-1-1.webp 1080w\" sizes=\"(max-width: 751px) 100vw, 751px\" \/>\t\t\t\t\t\t\t\t\t\t\t\t\t\t\t<\/div>\n\t\t\t\t<div class=\"elementor-element elementor-element-b9af8b5 elementor-widget-mobile__width-inherit animated-slow elementor-invisible elementor-widget elementor-widget-energisobutton\" data-id=\"b9af8b5\" data-element_type=\"widget\" data-e-type=\"widget\" data-settings=\"{&quot;_animation&quot;:&quot;fadeInUp&quot;}\" data-widget_type=\"energisobutton.default\">\n\t\t\t\t<div class=\"elementor-widget-container\">\n\t\t\t\t\t<!-- Button --><div class=\"btn-wrapper center\"><a class=\"vs-btn\" href=\"\/en\/contact\/\">Contact us<\/a><\/div><!-- End Button -->\t\t\t\t<\/div>\n\t\t\t\t<\/div>\n\t\t\t\t<\/div>\n\t\t\t\t<\/div>\n\t\t\t\t\t<\/div>\n\t\t\t\t<\/div>\n\t\t\t\t<\/div>","protected":false},"excerpt":{"rendered":"<p>Vision &amp; Mission Accueil \/ Vision &amp; Mission Notre Vision La vision de TRAGELEC Group est de devenir un acteur reconnu dans les m\u00e9tiers de l\u2019\u00e9lectricit\u00e9, des r\u00e9seaux d\u2019\u00e9nergie et de la formation technique, en associant l\u2019expertise terrain, la s\u00e9curit\u00e9, la qualit\u00e9 d\u2019ex\u00e9cution et la transmission du savoir-faire. Dans un secteur \u00e9lectrique en constante \u00e9volution,&#8230;<\/p>","protected":false},"author":1,"featured_media":0,"parent":0,"menu_order":0,"comment_status":"closed","ping_status":"closed","template":"elementor_header_footer","meta":{"footnotes":""},"class_list":["post-2978","page","type-page","status-publish","hentry"],"yoast_head":"<!-- This site is optimized with the Yoast SEO plugin v27.5 - https:\/\/yoast.com\/product\/yoast-seo-wordpress\/ -->\n<title>Vision &amp; Mission - TRAGELEC GROUP<\/title>\n<meta name=\"robots\" content=\"index, follow, max-snippet:-1, max-image-preview:large, max-video-preview:-1\" \/>\n<link rel=\"canonical\" href=\"https:\/\/tragelec.com\/en\/vision-mission\/\" \/>\n<meta property=\"og:locale\" content=\"en_US\" \/>\n<meta property=\"og:type\" content=\"article\" \/>\n<meta property=\"og:title\" content=\"Vision &amp; Mission - TRAGELEC GROUP\" \/>\n<meta property=\"og:description\" content=\"Vision &amp; Mission Accueil \/ Vision &amp; Mission Notre Vision La vision de TRAGELEC Group est de devenir un acteur reconnu dans les m\u00e9tiers de l\u2019\u00e9lectricit\u00e9, des r\u00e9seaux d\u2019\u00e9nergie et de la formation technique, en associant l\u2019expertise terrain, la s\u00e9curit\u00e9, la qualit\u00e9 d\u2019ex\u00e9cution et la transmission du savoir-faire. Dans un secteur \u00e9lectrique en constante \u00e9volution,...\" \/>\n<meta property=\"og:url\" content=\"https:\/\/tragelec.com\/en\/vision-mission\/\" \/>\n<meta property=\"og:site_name\" content=\"TRAGELEC GROUP\" \/>\n<meta property=\"article:modified_time\" content=\"2026-05-14T15:45:21+00:00\" \/>\n<meta property=\"og:image\" content=\"https:\/\/tragelec.com\/wp-content\/uploads\/2026\/05\/7.webp\" \/>\n\t<meta property=\"og:image:width\" content=\"1007\" \/>\n\t<meta property=\"og:image:height\" content=\"958\" \/>\n\t<meta property=\"og:image:type\" content=\"image\/webp\" \/>\n<meta name=\"twitter:card\" content=\"summary_large_image\" \/>\n<meta name=\"twitter:label1\" content=\"Est. reading time\" \/>\n\t<meta name=\"twitter:data1\" content=\"1 minute\" \/>\n<script type=\"application\/ld+json\" class=\"yoast-schema-graph\">{\"@context\":\"https:\\\/\\\/schema.org\",\"@graph\":[{\"@type\":\"WebPage\",\"@id\":\"https:\\\/\\\/tragelec.com\\\/vision-mission\\\/\",\"url\":\"https:\\\/\\\/tragelec.com\\\/vision-mission\\\/\",\"name\":\"Vision &amp; Mission - TRAGELEC GROUP\",\"isPartOf\":{\"@id\":\"https:\\\/\\\/tragelec.com\\\/#website\"},\"primaryImageOfPage\":{\"@id\":\"https:\\\/\\\/tragelec.com\\\/vision-mission\\\/#primaryimage\"},\"image\":{\"@id\":\"https:\\\/\\\/tragelec.com\\\/vision-mission\\\/#primaryimage\"},\"thumbnailUrl\":\"https:\\\/\\\/tragelec.com\\\/wp-content\\\/uploads\\\/2026\\\/05\\\/7.webp\",\"datePublished\":\"2026-05-10T10:33:44+00:00\",\"dateModified\":\"2026-05-14T15:45:21+00:00\",\"breadcrumb\":{\"@id\":\"https:\\\/\\\/tragelec.com\\\/vision-mission\\\/#breadcrumb\"},\"inLanguage\":\"en-US\",\"potentialAction\":[{\"@type\":\"ReadAction\",\"target\":[\"https:\\\/\\\/tragelec.com\\\/vision-mission\\\/\"]}]},{\"@type\":\"ImageObject\",\"inLanguage\":\"en-US\",\"@id\":\"https:\\\/\\\/tragelec.com\\\/vision-mission\\\/#primaryimage\",\"url\":\"https:\\\/\\\/tragelec.com\\\/wp-content\\\/uploads\\\/2026\\\/05\\\/7.webp\",\"contentUrl\":\"https:\\\/\\\/tragelec.com\\\/wp-content\\\/uploads\\\/2026\\\/05\\\/7.webp\"},{\"@type\":\"BreadcrumbList\",\"@id\":\"https:\\\/\\\/tragelec.com\\\/vision-mission\\\/#breadcrumb\",\"itemListElement\":[{\"@type\":\"ListItem\",\"position\":1,\"name\":\"Accueil\",\"item\":\"https:\\\/\\\/tragelec.com\\\/\"},{\"@type\":\"ListItem\",\"position\":2,\"name\":\"Vision &amp; Mission\"}]},{\"@type\":\"WebSite\",\"@id\":\"https:\\\/\\\/tragelec.com\\\/#website\",\"url\":\"https:\\\/\\\/tragelec.com\\\/\",\"name\":\"TRAGELEC Group\",\"description\":\"La force de l&#039;exp\u00e9rience, l&#039;\u00e9lan du futur\",\"publisher\":{\"@id\":\"https:\\\/\\\/tragelec.com\\\/#organization\"},\"potentialAction\":[{\"@type\":\"SearchAction\",\"target\":{\"@type\":\"EntryPoint\",\"urlTemplate\":\"https:\\\/\\\/tragelec.com\\\/?s={search_term_string}\"},\"query-input\":{\"@type\":\"PropertyValueSpecification\",\"valueRequired\":true,\"valueName\":\"search_term_string\"}}],\"inLanguage\":\"en-US\"},{\"@type\":\"Organization\",\"@id\":\"https:\\\/\\\/tragelec.com\\\/#organization\",\"name\":\"TRAGELEC Group\",\"url\":\"https:\\\/\\\/tragelec.com\\\/\",\"logo\":{\"@type\":\"ImageObject\",\"inLanguage\":\"en-US\",\"@id\":\"https:\\\/\\\/tragelec.com\\\/#\\\/schema\\\/logo\\\/image\\\/\",\"url\":\"https:\\\/\\\/tragelec.com\\\/wp-content\\\/uploads\\\/2022\\\/11\\\/logo-black.webp\",\"contentUrl\":\"https:\\\/\\\/tragelec.com\\\/wp-content\\\/uploads\\\/2022\\\/11\\\/logo-black.webp\",\"width\":827,\"height\":476,\"caption\":\"TRAGELEC Group\"},\"image\":{\"@id\":\"https:\\\/\\\/tragelec.com\\\/#\\\/schema\\\/logo\\\/image\\\/\"}}]}<\/script>\n<!-- \/ Yoast SEO plugin. -->","yoast_head_json":{"title":"Vision &amp; Mission - TRAGELEC GROUP","robots":{"index":"index","follow":"follow","max-snippet":"max-snippet:-1","max-image-preview":"max-image-preview:large","max-video-preview":"max-video-preview:-1"},"canonical":"https:\/\/tragelec.com\/en\/vision-mission\/","og_locale":"en_US","og_type":"article","og_title":"Vision &amp; Mission - TRAGELEC GROUP","og_description":"Vision &amp; Mission Accueil \/ Vision &amp; Mission Notre Vision La vision de TRAGELEC Group est de devenir un acteur reconnu dans les m\u00e9tiers de l\u2019\u00e9lectricit\u00e9, des r\u00e9seaux d\u2019\u00e9nergie et de la formation technique, en associant l\u2019expertise terrain, la s\u00e9curit\u00e9, la qualit\u00e9 d\u2019ex\u00e9cution et la transmission du savoir-faire. Dans un secteur \u00e9lectrique en constante \u00e9volution,...","og_url":"https:\/\/tragelec.com\/en\/vision-mission\/","og_site_name":"TRAGELEC GROUP","article_modified_time":"2026-05-14T15:45:21+00:00","og_image":[{"width":1007,"height":958,"url":"https:\/\/tragelec.com\/wp-content\/uploads\/2026\/05\/7.webp","type":"image\/webp"}],"twitter_card":"summary_large_image","twitter_misc":{"Est. reading time":"1 minute"},"schema":{"@context":"https:\/\/schema.org","@graph":[{"@type":"WebPage","@id":"https:\/\/tragelec.com\/vision-mission\/","url":"https:\/\/tragelec.com\/vision-mission\/","name":"Vision &amp; Mission - TRAGELEC GROUP","isPartOf":{"@id":"https:\/\/tragelec.com\/#website"},"primaryImageOfPage":{"@id":"https:\/\/tragelec.com\/vision-mission\/#primaryimage"},"image":{"@id":"https:\/\/tragelec.com\/vision-mission\/#primaryimage"},"thumbnailUrl":"https:\/\/tragelec.com\/wp-content\/uploads\/2026\/05\/7.webp","datePublished":"2026-05-10T10:33:44+00:00","dateModified":"2026-05-14T15:45:21+00:00","breadcrumb":{"@id":"https:\/\/tragelec.com\/vision-mission\/#breadcrumb"},"inLanguage":"en-US","potentialAction":[{"@type":"ReadAction","target":["https:\/\/tragelec.com\/vision-mission\/"]}]},{"@type":"ImageObject","inLanguage":"en-US","@id":"https:\/\/tragelec.com\/vision-mission\/#primaryimage","url":"https:\/\/tragelec.com\/wp-content\/uploads\/2026\/05\/7.webp","contentUrl":"https:\/\/tragelec.com\/wp-content\/uploads\/2026\/05\/7.webp"},{"@type":"BreadcrumbList","@id":"https:\/\/tragelec.com\/vision-mission\/#breadcrumb","itemListElement":[{"@type":"ListItem","position":1,"name":"Accueil","item":"https:\/\/tragelec.com\/"},{"@type":"ListItem","position":2,"name":"Vision &amp; Mission"}]},{"@type":"WebSite","@id":"https:\/\/tragelec.com\/#website","url":"https:\/\/tragelec.com\/","name":"TRAGELEC Group","description":"La force de l&#039;exp\u00e9rience, l&#039;\u00e9lan du futur","publisher":{"@id":"https:\/\/tragelec.com\/#organization"},"potentialAction":[{"@type":"SearchAction","target":{"@type":"EntryPoint","urlTemplate":"https:\/\/tragelec.com\/?s={search_term_string}"},"query-input":{"@type":"PropertyValueSpecification","valueRequired":true,"valueName":"search_term_string"}}],"inLanguage":"en-US"},{"@type":"Organization","@id":"https:\/\/tragelec.com\/#organization","name":"TRAGELEC Group","url":"https:\/\/tragelec.com\/","logo":{"@type":"ImageObject","inLanguage":"en-US","@id":"https:\/\/tragelec.com\/#\/schema\/logo\/image\/","url":"https:\/\/tragelec.com\/wp-content\/uploads\/2022\/11\/logo-black.webp","contentUrl":"https:\/\/tragelec.com\/wp-content\/uploads\/2022\/11\/logo-black.webp","width":827,"height":476,"caption":"TRAGELEC Group"},"image":{"@id":"https:\/\/tragelec.com\/#\/schema\/logo\/image\/"}}]}},"_links":{"self":[{"href":"https:\/\/tragelec.com\/en\/wp-json\/wp\/v2\/pages\/2978","targetHints":{"allow":["GET"]}}],"collection":[{"href":"https:\/\/tragelec.com\/en\/wp-json\/wp\/v2\/pages"}],"about":[{"href":"https:\/\/tragelec.com\/en\/wp-json\/wp\/v2\/types\/page"}],"author":[{"embeddable":true,"href":"https:\/\/tragelec.com\/en\/wp-json\/wp\/v2\/users\/1"}],"replies":[{"embeddable":true,"href":"https:\/\/tragelec.com\/en\/wp-json\/wp\/v2\/comments?post=2978"}],"version-history":[{"count":25,"href":"https:\/\/tragelec.com\/en\/wp-json\/wp\/v2\/pages\/2978\/revisions"}],"predecessor-version":[{"id":3623,"href":"https:\/\/tragelec.com\/en\/wp-json\/wp\/v2\/pages\/2978\/revisions\/3623"}],"wp:attachment":[{"href":"https:\/\/tragelec.com\/en\/wp-json\/wp\/v2\/media?parent=2978"}],"curies":[{"name":"wp","href":"https:\/\/api.w.org\/{rel}","templated":true}]}}